{"id":1125,"date":"2016-12-23T16:06:11","date_gmt":"2016-12-23T16:06:11","guid":{"rendered":"http:\/\/gite-monastier.com\/index.php\/rooms\/"},"modified":"2026-04-01T22:52:28","modified_gmt":"2026-04-01T20:52:28","slug":"tarifs-reservation","status":"publish","type":"page","link":"https:\/\/gite-monastier.com\/index.php\/tarifs-reservation\/","title":{"rendered":"Tarifs et r\u00e9servation"},"content":{"rendered":"<p>[vc_row full_width=\u00a0\u00bbstretch_row_content_no_spaces\u00a0\u00bb][vc_column width=\u00a0\u00bb1\/6&Prime;][\/vc_column][vc_column width=\u00a0\u00bb2\/3&Prime;]<div id=\"sc_title_14354986\"\n\t\tclass=\"sc_title sc_title_default\"><h2 class=\"sc_item_title sc_title_title sc_align_center sc_item_title_style_default\">Tarifs et r\u00e9servation<\/h2><h6 class=\"sc_item_subtitle sc_title_subtitle sc_align_center sc_item_title_style_default\">10 lits individuels<\/h6><div class=\"sc_item_descr sc_title_descr sc_align_center\">Pour des raisons familiales , La formule demi pension ne sera pas disponible et les r\u00e9servations ne seront possibles qu'une semaine avant votre passage. Le g\u00eete est situ\u00e9 dans la rue principale du Monastier sur Gazeille 43150, \u00e0 100 m du centre historique. En venant du Puy en Velay, prendre la direction centre-ville. A l'entr\u00e9e du village, \u00e0 20 m\u00e8tres du bar restaurant l'Aquarium et du coll\u00e8ge Saint Dominique.<\/div><\/div><!-- \/.sc_title -->[vc_empty_space alter_height=\u00a0\u00bbmedium\u00a0\u00bb hide_on_mobile=\u00a0\u00bb\u00a0\u00bb el_class=\u00a0\u00bbespace\u00a0\u00bb][\/vc_column][vc_column width=\u00a0\u00bb1\/6&Prime;][\/vc_column][\/vc_row][vc_row][vc_column width=\u00a0\u00bb1\/3&Prime;]<div  id=\"sc_price_270686248\" \n\tclass=\"sc_price sc_price_default\"><div class=\"sc_price_image\"><div class=\"sc_price_details\">[vc_column_text]Formule nuit\u00e9e simple. Coin cuisine \u00e0 votre disposition. Dortoir privatif.[\/vc_column_text]<\/div><img loading=\"lazy\" decoding=\"async\" src=\"https:\/\/gite-monastier.com\/wp-content\/uploads\/2019\/05\/gite-monastier2-1-740x566.jpg\" alt=\"gite-monastier2-1-740x566.jpg\" width=\"740\" height=\"566\"><\/div><div class=\"sc_price_info\"><div class=\"sc_price_title\">Nuit\u00e9e<\/div><div class=\"sc_price_description\">Tarif :<\/div><div class=\"sc_price_price\"><span class=\"sc_price_value\">20\u20ac<\/span><\/div><\/div>\n<\/div>[vc_empty_space alter_height=\u00a0\u00bbsmall\u00a0\u00bb hide_on_mobile=\u00a0\u00bb\u00a0\u00bb][\/vc_column][vc_column width=\u00a0\u00bb1\/3&Prime;]<div  id=\"sc_price_1527184580\" \n\tclass=\"sc_price sc_price_default\"><div class=\"sc_price_image\"><div class=\"sc_price_details\">[vc_column_text]Nuit\u00e9e + Petit d\u00e9jeuner complet : Boisson chaude, jus d&rsquo;orange, yaourt, c\u00e9r\u00e9ales et confitures \u00ab\u00a0Maison\u00a0\u00bb.[\/vc_column_text]<\/div><img loading=\"lazy\" decoding=\"async\" src=\"https:\/\/gite-monastier.com\/wp-content\/uploads\/2016\/12\/IMG_20190502_075517-740x566.jpg\" alt=\"IMG_20190502_075517-740x566.jpg\" width=\"740\" height=\"566\"><\/div><div class=\"sc_price_info\"><div class=\"sc_price_title\">Nuit\u00e9e + Petit d\u00e9jeuner<\/div><div class=\"sc_price_description\">Tarif :<\/div><div class=\"sc_price_price\"><span class=\"sc_price_value\">28\u20ac<\/span><\/div><\/div>\n<\/div>[vc_empty_space alter_height=\u00a0\u00bbsmall\u00a0\u00bb hide_on_mobile=\u00a0\u00bb\u00a0\u00bb][\/vc_column][vc_column width=\u00a0\u00bb1\/3&Prime;]<div  id=\"sc_price_252522484\" \n\tclass=\"sc_price sc_price_default\"><div class=\"sc_price_image\"><div class=\"sc_price_details\">[vc_column_text]Repas du soir + Nuit\u00e9e + Petit d\u00e9jeuner. Entr\u00e9e, plat, dessert, vin bio et caf\u00e9 compris. Exemple : Velout\u00e9 de courgettes, aligot, fromage aux artisous, cr\u00e8me aux \u0153ufs et sorbet.[\/vc_column_text]<\/div><img loading=\"lazy\" decoding=\"async\" src=\"https:\/\/gite-monastier.com\/wp-content\/uploads\/2019\/05\/IMG_20190424_093649-740x566.jpg\" alt=\"IMG_20190424_093649-740x566.jpg\" width=\"740\" height=\"566\"><\/div><div class=\"sc_price_info\"><div class=\"sc_price_title\">Repas du soir + Nuit\u00e9e + Petit d\u00e9jeuner<\/div><div class=\"sc_price_description\">Tarif :<\/div><div class=\"sc_price_price\"><span class=\"sc_price_value\">46\u20ac<\/span><\/div><\/div>\n<\/div>[vc_empty_space alter_height=\u00a0\u00bbsmall\u00a0\u00bb hide_on_mobile=\u00a0\u00bb\u00a0\u00bb][\/vc_column][\/vc_row][vc_row full_width=\u00a0\u00bbstretch_row_content\u00a0\u00bb el_class=\u00a0\u00bbtaxe\u00a0\u00bb][vc_column][vc_empty_space alter_height=\u00a0\u00bblarge\u00a0\u00bb hide_on_mobile=\u00a0\u00bb\u00a0\u00bb css=\u00a0\u00bb.vc_custom_1558972608970{margin-top: 1.2rem !important;}\u00a0\u00bb el_class=\u00a0\u00bbespace\u00a0\u00bb][vc_column_text]<\/p>\n<p style=\"text-align: center;\"><strong>Nuit\u00e9e Simple 15\u20ac (Etudiants &#8211; 18 ans &#8211; tarif social)<\/strong><\/p>\n<p style=\"text-align: center;\"><strong>Taxe de s\u00e9jour : 0,50\u20ac + 18 ans<\/strong><\/p>\n<p>[\/vc_column_text][vc_empty_space alter_height=\u00a0\u00bblarge\u00a0\u00bb hide_on_mobile=\u00a0\u00bb\u00a0\u00bb css=\u00a0\u00bb.vc_custom_1558972618802{margin-top: 1.2rem !important;}\u00a0\u00bb el_class=\u00a0\u00bbespace\u00a0\u00bb][\/vc_column][\/vc_row][vc_row][vc_column][vc_column_text][\/vc_column_text][vc_empty_space hide_on_mobile=\u00a0\u00bb\u00a0\u00bb el_class=\u00a0\u00bbespace\u00a0\u00bb][vc_empty_space alter_height=\u00a0\u00bblarge\u00a0\u00bb hide_on_mobile=\u00a0\u00bb\u00a0\u00bb css=\u00a0\u00bb.vc_custom_1484904679279{margin-top: 1.2rem !important;}\u00a0\u00bb][\/vc_column][\/vc_row][vc_row full_width=\u00a0\u00bbstretch_row_content\u00a0\u00bb][vc_column][vc_column_text]<\/p>\n<h3 style=\"text-align: center;\">V\u00e9rifier les disponibilit\u00e9s<\/h3>\n<p>[\/vc_column_text][vc_empty_space height=\u00a0\u00bb10px\u00a0\u00bb alter_height=\u00a0\u00bblarge\u00a0\u00bb hide_on_mobile=\u00a0\u00bb\u00a0\u00bb css=\u00a0\u00bb.vc_custom_1558972512889{margin-top: 1.2rem !important;}\u00a0\u00bb el_class=\u00a0\u00bbespace\u00a0\u00bb][\/vc_column][\/vc_row][vc_row][vc_column]<div class=\"booked-calendar-shortcode-wrap\"><div class=\"booked-calendar-wrap large\"><div class=\"booked-calendar\" data-calendar-id=\"70\" data-calendar-date=\"2026-04-01\">\n\t\t<div class=\"bc-head\">\n\n\t\t\t\n\t\t\t<div class=\"bc-row top\">\n\t\t\t\t<div class=\"bc-col\">\n\t\t\t\t\t\t\t\t\t\t<span class=\"calendarSavingState\">\n\t\t\t\t\t\t<i class=\"fa-solid fa-circle-notch fa-spin\"><\/i>\n\t\t\t\t\t<\/span>\n\t\t\t\t\t<span class=\"monthName\">\n\t\t\t\t\t\tavril 2026\t\t\t\t\t\t\t\t\t\t\t<\/span>\n\t\t\t\t\t<a href=\"#\" data-goto=\"2026-05-01\" class=\"page-right\"><i class=\"fa-solid fa-arrow-right\"><\/i><\/a>\t\t\t\t<\/div>\n\t\t\t<\/div>\n\t\t\t<div class=\"bc-row days\">\n\t\t\t\t\t\t\t\t<div class=\"bc-col\">lun<\/div>\n\t\t\t\t<div class=\"bc-col\">mar<\/div>\n\t\t\t\t<div class=\"bc-col\">mer<\/div>\n\t\t\t\t<div class=\"bc-col\">jeu<\/div>\n\t\t\t\t<div class=\"bc-col\">ven<\/div>\n\t\t\t\t<div class=\"bc-col\">sam<\/div>\t\t\t\t<div class=\"bc-col\">dim<\/div>\t\t\t<\/div>\n\t\t<\/div>\n\t\t<div class=\"bc-body\"><div class=\"bc-row week\"><div data-date=\"2026-03-30\" class=\"bc-col prev-month prev-date\"><span class=\"date\"><span class=\"number\">30<\/span><\/span><\/div><div data-date=\"2026-03-31\" class=\"bc-col prev-month prev-date\"><span class=\"date\"><span class=\"number\">31<\/span><\/span><\/div><div data-date=\"2026-04-1\" class=\"bc-col prev-date\"><span class=\"date\"><span class=\"number\">1<\/span><\/span><\/div><div data-date=\"2026-04-2\" class=\"bc-col prev-date\"><span class=\"date\"><span class=\"number\">2<\/span><\/span><\/div><div data-date=\"2026-04-3\" class=\"bc-col prev-date\"><span class=\"date\"><span class=\"number\">3<\/span><\/span><\/div><div data-date=\"2026-04-4\" class=\"bc-col prev-date\"><span class=\"date\"><span class=\"number\">4<\/span><\/span><\/div><div data-date=\"2026-04-5\" class=\"bc-col prev-date\"><span class=\"date\"><span class=\"number\">5<\/span><\/span><\/div><\/div><div class=\"bc-row week\"><div data-date=\"2026-04-6\" class=\"bc-col prev-date\"><span class=\"date\"><span class=\"number\">6<\/span><\/span><\/div><div data-date=\"2026-04-7\" class=\"bc-col prev-date\"><span class=\"date\"><span class=\"number\">7<\/span><\/span><\/div><div data-date=\"2026-04-8\" class=\"bc-col prev-date\"><span class=\"date\"><span class=\"number\">8<\/span><\/span><\/div><div data-date=\"2026-04-9\" class=\"bc-col prev-date\"><span class=\"date\"><span class=\"number\">9<\/span><\/span><\/div><div data-date=\"2026-04-10\" class=\"bc-col prev-date\"><span class=\"date\"><span class=\"number\">10<\/span><\/span><\/div><div data-date=\"2026-04-11\" class=\"bc-col prev-date\"><span class=\"date\"><span class=\"number\">11<\/span><\/span><\/div><div data-date=\"2026-04-12\" class=\"bc-col prev-date\"><span class=\"date\"><span class=\"number\">12<\/span><\/span><\/div><\/div><div class=\"bc-row week\"><div data-date=\"2026-04-13\" class=\"bc-col prev-date\"><span class=\"date\"><span class=\"number\">13<\/span><\/span><\/div><div data-date=\"2026-04-14\" class=\"bc-col prev-date\"><span class=\"date\"><span class=\"number\">14<\/span><\/span><\/div><div data-date=\"2026-04-15\" class=\"bc-col prev-date\"><span class=\"date\"><span class=\"number\">15<\/span><\/span><\/div><div data-date=\"2026-04-16\" class=\"bc-col today prev-date\"><span class=\"date\"><span class=\"number\">16<\/span><\/span><\/div><div data-date=\"2026-04-17\" class=\"bc-col \"><span class=\"date tooltipster\" title=\"10 Disponible (s)\"><span class=\"number\">17<\/span><\/span><\/div><div data-date=\"2026-04-18\" class=\"bc-col \"><span class=\"date tooltipster\" title=\"10 Disponible (s)\"><span class=\"number\">18<\/span><\/span><\/div><div data-date=\"2026-04-19\" class=\"bc-col \"><span class=\"date tooltipster\" title=\"9 Disponible (s)\"><span class=\"number\">19<\/span><\/span><\/div><\/div><div class=\"bc-row week\"><div data-date=\"2026-04-20\" class=\"bc-col \"><span class=\"date tooltipster\" title=\"10 Disponible (s)\"><span class=\"number\">20<\/span><\/span><\/div><div data-date=\"2026-04-21\" class=\"bc-col \"><span class=\"date tooltipster\" title=\"10 Disponible (s)\"><span class=\"number\">21<\/span><\/span><\/div><div data-date=\"2026-04-22\" class=\"bc-col \"><span class=\"date tooltipster\" title=\"10 Disponible (s)\"><span class=\"number\">22<\/span><\/span><\/div><div data-date=\"2026-04-23\" class=\"bc-col \"><span class=\"date tooltipster\" title=\"10 Disponible (s)\"><span class=\"number\">23<\/span><\/span><\/div><div data-date=\"2026-04-24\" class=\"bc-col \"><span class=\"date tooltipster\" title=\"8 Disponible (s)\"><span class=\"number\">24<\/span><\/span><\/div><div data-date=\"2026-04-25\" class=\"bc-col \"><span class=\"date tooltipster\" title=\"10 Disponible (s)\"><span class=\"number\">25<\/span><\/span><\/div><div data-date=\"2026-04-26\" class=\"bc-col prev-date\"><span class=\"date\"><span class=\"number\">26<\/span><\/span><\/div><\/div><div class=\"bc-row week\"><div data-date=\"2026-04-27\" class=\"bc-col prev-date\"><span class=\"date\"><span class=\"number\">27<\/span><\/span><\/div><div data-date=\"2026-04-28\" class=\"bc-col prev-date\"><span class=\"date\"><span class=\"number\">28<\/span><\/span><\/div><div data-date=\"2026-04-29\" class=\"bc-col prev-date\"><span class=\"date\"><span class=\"number\">29<\/span><\/span><\/div><div data-date=\"2026-04-30\" class=\"bc-col prev-date\"><span class=\"date\"><span class=\"number\">30<\/span><\/span><\/div><div data-date=\"2026-05-1\" class=\"bc-col next-month prev-date\"><span class=\"date\"><span class=\"number\">1<\/span><\/span><\/div><div data-date=\"2026-05-2\" class=\"bc-col next-month prev-date\"><span class=\"date\"><span class=\"number\">2<\/span><\/span><\/div><div data-date=\"2026-05-3\" class=\"bc-col next-month prev-date\"><span class=\"date\"><span class=\"number\">3<\/span><\/span><\/div><\/div>\t\t<\/div>\n\t<\/div><\/div><\/div>[\/vc_column][\/vc_row][vc_row full_width=\u00a0\u00bbstretch_row_content\u00a0\u00bb][vc_column]<div class=\"sc_layouts sc_layouts_default sc_layouts_439\">[vc_row full_width=\"stretch_row\" css=\".vc_custom_1557838407646{background-color: #8abb6a !important;}\"][vc_column width=\"1\/5\"][vc_empty_space alter_height=\"large\" hide_on_mobile=\"\" css=\".vc_custom_1484908547409{margin-bottom: 0.35rem !important;}\"][vc_column_text scheme=\"dark\"]\r\n<h5 class=\"trx_addons_no_margin\" style=\"text-align: center;\">Recommand\u00e9 par<\/h5>\r\n<p style=\"text-align: center;\"><strong>2011-2024<\/strong><\/p>\r\n[\/vc_column_text][\/vc_column][vc_column width=\"1\/5\"][vc_empty_space alter_height=\"large\" hide_on_mobile=\"\" css=\".vc_custom_1484908547409{margin-bottom: 0.35rem !important;}\"][vc_single_image image=\"1281\" img_size=\"medium\" alignment=\"center\" style=\"vc_box_shadow_3d\" css_animation=\"fadeIn\"][vc_empty_space alter_height=\"large\" hide_on_mobile=\"1\"][\/vc_column][vc_column width=\"1\/5\"][vc_empty_space alter_height=\"large\" hide_on_mobile=\"1\"][vc_column_text scheme=\"dark\"]\r\n<h5 class=\"trx_addons_no_margin\" style=\"text-align: center;\">Partenaire de<\/h5>\r\n<p style=\"text-align: center;\"><strong>2005-2024<\/strong><\/p>\r\n&nbsp;\r\n\r\n[\/vc_column_text][\/vc_column][vc_column width=\"1\/5\"][vc_empty_space alter_height=\"large\" hide_on_mobile=\"\"][vc_single_image image=\"1041\" img_size=\"medium\" alignment=\"center\" style=\"vc_box_shadow_3d\" css_animation=\"fadeIn\"][\/vc_column][vc_column width=\"1\/5\"][vc_empty_space alter_height=\"large\" hide_on_mobile=\"\"][vc_single_image image=\"1282\" alignment=\"center\" style=\"vc_box_shadow_3d\" css_animation=\"fadeIn\"][vc_empty_space alter_height=\"large\" hide_on_mobile=\"\"][\/vc_column][\/vc_row]<\/div>[\/vc_column][\/vc_row]<\/p>\n","protected":false},"excerpt":{"rendered":"<p>[vc_row full_width=\u00a0\u00bbstretch_row_content_no_spaces\u00a0\u00bb][vc_column width=\u00a0\u00bb1\/6&Prime;][\/vc_column][vc_column width=\u00a0\u00bb2\/3&Prime;][vc_empty_space alter_height=\u00a0\u00bbmedium\u00a0\u00bb hide_on_mobile=\u00a0\u00bb\u00a0\u00bb el_class=\u00a0\u00bbespace\u00a0\u00bb][\/vc_column][vc_column width=\u00a0\u00bb1\/6&Prime;][\/vc_column][\/vc_row][vc_row][vc_column width=\u00a0\u00bb1\/3&Prime;][vc_empty_space alter_height=\u00a0\u00bbsmall\u00a0\u00bb hide_on_mobile=\u00a0\u00bb\u00a0\u00bb][\/vc_column][vc_column width=\u00a0\u00bb1\/3&Prime;][vc_empty_space alter_height=\u00a0\u00bbsmall\u00a0\u00bb hide_on_mobile=\u00a0\u00bb\u00a0\u00bb][\/vc_column][vc_column width=\u00a0\u00bb1\/3&Prime;][vc_empty_space alter_height=\u00a0\u00bbsmall\u00a0\u00bb hide_on_mobile=\u00a0\u00bb\u00a0\u00bb][\/vc_column][\/vc_row][vc_row full_width=\u00a0\u00bbstretch_row_content\u00a0\u00bb el_class=\u00a0\u00bbtaxe\u00a0\u00bb][vc_column][vc_empty_space alter_height=\u00a0\u00bblarge\u00a0\u00bb hide_on_mobile=\u00a0\u00bb\u00a0\u00bb css=\u00a0\u00bb.vc_custom_1558972608970{margin-top: 1.2rem !important;}\u00a0\u00bb el_class=\u00a0\u00bbespace\u00a0\u00bb][vc_column_text] Nuit\u00e9e Simple 15\u20ac (Etudiants &#8211; 18 ans &#8211; tarif social) Taxe de s\u00e9jour : 0,50\u20ac + 18 ans [\/vc_column_text][vc_empty_space alter_height=\u00a0\u00bblarge\u00a0\u00bb hide_on_mobile=\u00a0\u00bb\u00a0\u00bb css=\u00a0\u00bb.vc_custom_1558972618802{margin-top: 1.2rem !important;}\u00a0\u00bb el_class=\u00a0\u00bbespace\u00a0\u00bb][\/vc_column][\/vc_row][vc_row][vc_column][vc_column_text][\/vc_column_text][vc_empty_space hide_on_mobile=\u00a0\u00bb\u00a0\u00bb el_class=\u00a0\u00bbespace\u00a0\u00bb][vc_empty_space alter_height=\u00a0\u00bblarge\u00a0\u00bb hide_on_mobile=\u00a0\u00bb\u00a0\u00bb css=\u00a0\u00bb.vc_custom_1484904679279{margin-top: 1.2rem !important;}\u00a0\u00bb][\/vc_column][\/vc_row][vc_row full_width=\u00a0\u00bbstretch_row_content\u00a0\u00bb][vc_column][vc_column_text] V\u00e9rifier les&hellip;<\/p>\n","protected":false},"author":1,"featured_media":0,"parent":0,"menu_order":0,"comment_status":"closed","ping_status":"closed","template":"","meta":{"_exactmetrics_skip_tracking":false,"_exactmetrics_sitenote_active":false,"_exactmetrics_sitenote_note":"","_exactmetrics_sitenote_category":0,"footnotes":""},"class_list":["post-1125","page","type-page","status-publish","hentry"],"yoast_head":"<!-- This site is optimized with the Yoast SEO plugin v27.1.1 - https:\/\/yoast.com\/product\/yoast-seo-wordpress\/ -->\n<title>Tarifs et r\u00e9servation - G\u00eete Monastier<\/title>\n<meta name=\"description\" content=\"Accueil randonneurs. G\u00eete d&#039;\u00e9tape au Monastier sur Gazeille 43150. Dormir au Monastier. H\u00e9bergement Monastier. Chemin de Stevenson GR70. GR430. Guide du Routard\" \/>\n<meta name=\"robots\" content=\"index, follow, max-snippet:-1, max-image-preview:large, max-video-preview:-1\" \/>\n<link rel=\"canonical\" href=\"https:\/\/gite-monastier.com\/index.php\/tarifs-reservation\/\" \/>\n<meta property=\"og:locale\" content=\"fr_FR\" \/>\n<meta property=\"og:type\" content=\"article\" \/>\n<meta property=\"og:title\" content=\"Tarifs et r\u00e9servation - G\u00eete Monastier\" \/>\n<meta property=\"og:description\" content=\"Accueil randonneurs. G\u00eete d&#039;\u00e9tape au Monastier sur Gazeille 43150. Dormir au Monastier. H\u00e9bergement Monastier. Chemin de Stevenson GR70. GR430. Guide du Routard\" \/>\n<meta property=\"og:url\" content=\"https:\/\/gite-monastier.com\/index.php\/tarifs-reservation\/\" \/>\n<meta property=\"og:site_name\" content=\"G\u00eete Monastier\" \/>\n<meta property=\"article:modified_time\" content=\"2026-04-01T20:52:28+00:00\" \/>\n<meta name=\"twitter:card\" content=\"summary_large_image\" \/>\n<meta name=\"twitter:label1\" content=\"Dur\u00e9e de lecture estim\u00e9e\" \/>\n\t<meta name=\"twitter:data1\" content=\"2 minutes\" \/>\n<script type=\"application\/ld+json\" class=\"yoast-schema-graph\">{\"@context\":\"https:\/\/schema.org\",\"@graph\":[{\"@type\":\"WebPage\",\"@id\":\"https:\/\/gite-monastier.com\/index.php\/tarifs-reservation\/\",\"url\":\"https:\/\/gite-monastier.com\/index.php\/tarifs-reservation\/\",\"name\":\"Tarifs et r\u00e9servation - G\u00eete Monastier\",\"isPartOf\":{\"@id\":\"https:\/\/gite-monastier.com\/#website\"},\"datePublished\":\"2016-12-23T16:06:11+00:00\",\"dateModified\":\"2026-04-01T20:52:28+00:00\",\"description\":\"Accueil randonneurs. G\u00eete d'\u00e9tape au Monastier sur Gazeille 43150. Dormir au Monastier. H\u00e9bergement Monastier. Chemin de Stevenson GR70. GR430. Guide du Routard\",\"breadcrumb\":{\"@id\":\"https:\/\/gite-monastier.com\/index.php\/tarifs-reservation\/#breadcrumb\"},\"inLanguage\":\"fr-FR\",\"potentialAction\":[{\"@type\":\"ReadAction\",\"target\":[\"https:\/\/gite-monastier.com\/index.php\/tarifs-reservation\/\"]}]},{\"@type\":\"BreadcrumbList\",\"@id\":\"https:\/\/gite-monastier.com\/index.php\/tarifs-reservation\/#breadcrumb\",\"itemListElement\":[{\"@type\":\"ListItem\",\"position\":1,\"name\":\"Accueil\",\"item\":\"https:\/\/gite-monastier.com\/\"},{\"@type\":\"ListItem\",\"position\":2,\"name\":\"Tarifs et r\u00e9servation\"}]},{\"@type\":\"WebSite\",\"@id\":\"https:\/\/gite-monastier.com\/#website\",\"url\":\"https:\/\/gite-monastier.com\/\",\"name\":\"G\u00eete Monastier\",\"description\":\"Accueil randonneurs STEVENSON\",\"publisher\":{\"@id\":\"https:\/\/gite-monastier.com\/#organization\"},\"potentialAction\":[{\"@type\":\"SearchAction\",\"target\":{\"@type\":\"EntryPoint\",\"urlTemplate\":\"https:\/\/gite-monastier.com\/?s={search_term_string}\"},\"query-input\":{\"@type\":\"PropertyValueSpecification\",\"valueRequired\":true,\"valueName\":\"search_term_string\"}}],\"inLanguage\":\"fr-FR\"},{\"@type\":\"Organization\",\"@id\":\"https:\/\/gite-monastier.com\/#organization\",\"name\":\"G\u00eete MONASTIER - Accueil randonneurs\",\"url\":\"https:\/\/gite-monastier.com\/\",\"logo\":{\"@type\":\"ImageObject\",\"inLanguage\":\"fr-FR\",\"@id\":\"https:\/\/gite-monastier.com\/#\/schema\/logo\/image\/\",\"url\":\"https:\/\/gite-monastier.com\/wp-content\/uploads\/2017\/01\/logo-vert-1.png\",\"contentUrl\":\"https:\/\/gite-monastier.com\/wp-content\/uploads\/2017\/01\/logo-vert-1.png\",\"width\":500,\"height\":505,\"caption\":\"G\u00eete MONASTIER - Accueil randonneurs\"},\"image\":{\"@id\":\"https:\/\/gite-monastier.com\/#\/schema\/logo\/image\/\"}}]}<\/script>\n<!-- \/ Yoast SEO plugin. -->","yoast_head_json":{"title":"Tarifs et r\u00e9servation - G\u00eete Monastier","description":"Accueil randonneurs. G\u00eete d'\u00e9tape au Monastier sur Gazeille 43150. Dormir au Monastier. H\u00e9bergement Monastier. Chemin de Stevenson GR70. GR430. Guide du Routard","robots":{"index":"index","follow":"follow","max-snippet":"max-snippet:-1","max-image-preview":"max-image-preview:large","max-video-preview":"max-video-preview:-1"},"canonical":"https:\/\/gite-monastier.com\/index.php\/tarifs-reservation\/","og_locale":"fr_FR","og_type":"article","og_title":"Tarifs et r\u00e9servation - G\u00eete Monastier","og_description":"Accueil randonneurs. G\u00eete d'\u00e9tape au Monastier sur Gazeille 43150. Dormir au Monastier. H\u00e9bergement Monastier. Chemin de Stevenson GR70. GR430. Guide du Routard","og_url":"https:\/\/gite-monastier.com\/index.php\/tarifs-reservation\/","og_site_name":"G\u00eete Monastier","article_modified_time":"2026-04-01T20:52:28+00:00","twitter_card":"summary_large_image","twitter_misc":{"Dur\u00e9e de lecture estim\u00e9e":"2 minutes"},"schema":{"@context":"https:\/\/schema.org","@graph":[{"@type":"WebPage","@id":"https:\/\/gite-monastier.com\/index.php\/tarifs-reservation\/","url":"https:\/\/gite-monastier.com\/index.php\/tarifs-reservation\/","name":"Tarifs et r\u00e9servation - G\u00eete Monastier","isPartOf":{"@id":"https:\/\/gite-monastier.com\/#website"},"datePublished":"2016-12-23T16:06:11+00:00","dateModified":"2026-04-01T20:52:28+00:00","description":"Accueil randonneurs. G\u00eete d'\u00e9tape au Monastier sur Gazeille 43150. Dormir au Monastier. H\u00e9bergement Monastier. Chemin de Stevenson GR70. GR430. Guide du Routard","breadcrumb":{"@id":"https:\/\/gite-monastier.com\/index.php\/tarifs-reservation\/#breadcrumb"},"inLanguage":"fr-FR","potentialAction":[{"@type":"ReadAction","target":["https:\/\/gite-monastier.com\/index.php\/tarifs-reservation\/"]}]},{"@type":"BreadcrumbList","@id":"https:\/\/gite-monastier.com\/index.php\/tarifs-reservation\/#breadcrumb","itemListElement":[{"@type":"ListItem","position":1,"name":"Accueil","item":"https:\/\/gite-monastier.com\/"},{"@type":"ListItem","position":2,"name":"Tarifs et r\u00e9servation"}]},{"@type":"WebSite","@id":"https:\/\/gite-monastier.com\/#website","url":"https:\/\/gite-monastier.com\/","name":"G\u00eete Monastier","description":"Accueil randonneurs STEVENSON","publisher":{"@id":"https:\/\/gite-monastier.com\/#organization"},"potentialAction":[{"@type":"SearchAction","target":{"@type":"EntryPoint","urlTemplate":"https:\/\/gite-monastier.com\/?s={search_term_string}"},"query-input":{"@type":"PropertyValueSpecification","valueRequired":true,"valueName":"search_term_string"}}],"inLanguage":"fr-FR"},{"@type":"Organization","@id":"https:\/\/gite-monastier.com\/#organization","name":"G\u00eete MONASTIER - Accueil randonneurs","url":"https:\/\/gite-monastier.com\/","logo":{"@type":"ImageObject","inLanguage":"fr-FR","@id":"https:\/\/gite-monastier.com\/#\/schema\/logo\/image\/","url":"https:\/\/gite-monastier.com\/wp-content\/uploads\/2017\/01\/logo-vert-1.png","contentUrl":"https:\/\/gite-monastier.com\/wp-content\/uploads\/2017\/01\/logo-vert-1.png","width":500,"height":505,"caption":"G\u00eete MONASTIER - Accueil randonneurs"},"image":{"@id":"https:\/\/gite-monastier.com\/#\/schema\/logo\/image\/"}}]}},"_links":{"self":[{"href":"https:\/\/gite-monastier.com\/index.php\/wp-json\/wp\/v2\/pages\/1125","targetHints":{"allow":["GET"]}}],"collection":[{"href":"https:\/\/gite-monastier.com\/index.php\/wp-json\/wp\/v2\/pages"}],"about":[{"href":"https:\/\/gite-monastier.com\/index.php\/wp-json\/wp\/v2\/types\/page"}],"author":[{"embeddable":true,"href":"https:\/\/gite-monastier.com\/index.php\/wp-json\/wp\/v2\/users\/1"}],"replies":[{"embeddable":true,"href":"https:\/\/gite-monastier.com\/index.php\/wp-json\/wp\/v2\/comments?post=1125"}],"version-history":[{"count":69,"href":"https:\/\/gite-monastier.com\/index.php\/wp-json\/wp\/v2\/pages\/1125\/revisions"}],"predecessor-version":[{"id":3206,"href":"https:\/\/gite-monastier.com\/index.php\/wp-json\/wp\/v2\/pages\/1125\/revisions\/3206"}],"wp:attachment":[{"href":"https:\/\/gite-monastier.com\/index.php\/wp-json\/wp\/v2\/media?parent=1125"}],"curies":[{"name":"wp","href":"https:\/\/api.w.org\/{rel}","templated":true}]}}