{"id":1336,"date":"2019-05-20T08:48:23","date_gmt":"2019-05-20T06:48:23","guid":{"rendered":"http:\/\/gite-monastier.com\/?page_id=1336"},"modified":"2019-05-24T18:31:11","modified_gmt":"2019-05-24T16:31:11","slug":"mentions-legales","status":"publish","type":"page","link":"https:\/\/gite-monastier.com\/index.php\/mentions-legales\/","title":{"rendered":"Mentions l\u00e9gales"},"content":{"rendered":"<p>[vc_row full_width=\u00a0\u00bbstretch_row_content\u00a0\u00bb][vc_column][vc_column_text]<\/p>\r\n<h1 class=\"wp-block-heading\" style=\"text-align: center;\">Mentions l\u00e9gales<\/h1>\r\n<p>\u00a0<\/p>\r\n\r\n<h2 class=\"wp-block-heading\">Pr\u00e9sentation du site<\/h2>\r\n\r\n<p>Le site internet <a href=\"http:\/\/gite-monastier.com\">www.gite-monastier.com <\/a>appartient \u00e0 :<\/p>\r\n\r\n<p>M. FALGON Emmanuel<\/p>\r\n\r\n<p>G\u00eete Monastier<br \/>32, rue Langlade<br \/>43150 LE MONASTIER SUR GAZEILLE<br \/>TEL : 06 04 40 28 98<\/p>\r\n\r\n<p>gite.monastier@hotmail.fr<\/p>\r\n\r\n<p>Le Cr\u00e9ateur du site, responsable de la publication et le Webmaster : Myriam VIGOUROUX\u00a0\u00a0<a href=\"https:\/\/facile-site.fr\/\" target=\"_blank\" rel=\"noreferrer noopener\">Facil -e- Site<\/a> Le R\u00e9nier 43150 GOUDET \/ 07 69 77 31 81<\/p>\r\n\r\n<p>L\u2019h\u00e9bergeur du site est : OVH<br \/>Si\u00e8ge social : 2 rue Kellermann \u2013 59100 Roubaix \u2013 France<\/p>\r\n<p>\u00a0<\/p>\r\n\r\n<h3 class=\"wp-block-heading\">Informatique et libert\u00e9s<\/h3>\r\n\r\n<p>Les donn\u00e9es personnelles relatives aux clients, recueillies par l\u2019interm\u00e9diaire des diff\u00e9rents formulaires ne sont destin\u00e9es qu\u2019\u00e0 un usage exclusif du g\u00eete Monastier accueil randonneurs STEVENSON (M. FALGON) dans le cadre de la mise en \u0153uvre de ses services. G\u00eete Monastier s\u2019engage \u00e0 maintenir strictement confidentielles les donn\u00e9es personnelles recueillies.<\/p>\r\n\r\n<p>Conform\u00e9ment aux dispositions de la Loi n\u00b0 78-17 du 6 janvier 1978 relative \u00e0 l\u2019informatique, aux fichiers et aux libert\u00e9s, les utilisateurs disposent suivant l\u2019Article 34 de la Loi du 6 janvier 1978 d\u2019un droit d\u2019acc\u00e8s aux donn\u00e9es qui les concernent, ainsi que d\u2019un droit de modification et de suppression de celles-ci. Il leur suffit, pour exercer ce droit, d\u2019adresser un courrier postal ou un e-mail \u00e0 Facil -e- Site aux coordonn\u00e9es ci-dessus.<\/p>\r\n<p>\u00a0<\/p>\r\n\r\n<h3 class=\"wp-block-heading\">Propri\u00e9t\u00e9 intellectuelle<\/h3>\r\n\r\n<p>L\u2019utilisateur s\u2019engage \u00e0 ne pas reproduire, r\u00e9sumer, modifier, alt\u00e9rer ou rediffuser, sans autorisation expresse pr\u00e9alable de l\u2019\u00e9diteur, quelque texte, titre, application, logo, marque, information ou illustration, pour un usage autre que strictement priv\u00e9, ce qui exclut toute repr\u00e9sentation \u00e0 des fins professionnelles ou de rediffusion en nombre. De m\u00eame, l\u2019utilisateur s\u2019engage \u00e0 ne pas recopier tout ou partie du site sur un autre site ou un r\u00e9seau interne d\u2019entreprise.<\/p>\r\n<p>\u00a0<\/p>\r\n\r\n<h3 class=\"wp-block-heading\">Conditions d&rsquo;utilisation du site<\/h3>\r\n\r\n<p>Vous consultez actuellement le site de l\u2019entreprise G\u00eete Monastier accueil randonneurs STEVENSON de M. FALGON.<br \/>L\u2019utilisation de ce site vaut acceptation des conditions d\u2019utilisation pr\u00e9sentes.<br \/>Contact pour toute question sur l\u2019utilisation du site :\u00a0<a href=\"mailto:facilesite43@gmail.com\" target=\"_blank\" rel=\"noreferrer noopener\">facilesite43@gmail.com<\/a><\/p>\r\n<p>\u00a0<\/p>\r\n\r\n<h3 class=\"wp-block-heading\">Contenu du site<\/h3>\r\n\r\n<p>Le site, les textes, les images, les sons, les photos, les graphiques, les fichiers t\u00e9l\u00e9chargeables et plus g\u00e9n\u00e9ralement tous les objets contenus dans le site sont la propri\u00e9t\u00e9 exclusive du g\u00eete Monastier accueil randonneurs STEVENSON et\/ou des auteurs mentionn\u00e9s. Ce site et les \u00e9l\u00e9ments qui le composent constituent des \u0153uvres prot\u00e9g\u00e9es par la l\u00e9gislation fran\u00e7aise et les conventions internationales relatives au droit d\u2019auteur et \u00e0 la propri\u00e9t\u00e9 intellectuelle.<br \/>La reproduction du site ou des \u00e9l\u00e9ments qui le composent pris individuellement est interdite sauf autorisation expresse pr\u00e9alable du directeur de publication. Pour toute reproduction autoris\u00e9e ou toute citation, devra \u00eatre mentionn\u00e9e le nom de l\u2019auteur et la source.<\/p>\r\n<p>\u00a0<\/p>\r\n\r\n<h3 class=\"wp-block-heading\">Les formulaires d&rsquo;envoi<\/h3>\r\n\r\n<p>Les messages adress\u00e9s \u00e0 ce site par le biais de formulaire d\u2019envoi sont utilis\u00e9s \u00e0 la seule fin du traitement du message, et ne seront pas communiqu\u00e9s \u00e0 des tiers sans l\u2019accord de l\u2019\u00e9metteur. Ces messages seront conserv\u00e9s pour la dur\u00e9e de traitement de la question pos\u00e9e. Le site Internet <a href=\"http:\/\/gite-monastier.com\/\">gite-monastier.com<\/a> n\u2019offrant pas de dispositif particulier de s\u00e9curisation (transfert de fichiers, transfert de donn\u00e9es), l\u2019exp\u00e9diteur d\u2019une question ou d\u2019un document confidentiel ou sensible devra privil\u00e9gier la voie postale.<\/p>\r\n<p>\u00a0<\/p>\r\n\r\n<h3 class=\"wp-block-heading\">Les liens hypertextes<\/h3>\r\n\r\n<p>La cr\u00e9ation de tout lien hypertexte en direction du site devra faire l\u2019objet d\u2019une autorisation expresse pr\u00e9alable du directeur de la publication.<br \/>Cette autorisation pr\u00e9alable vaut aussi bien pour la cr\u00e9ation :<br \/>\u2013 d\u2019un lien hypertexte sur la page de garde dans une nouvelle fen\u00eatre du navigateur,<br \/>\u2013 d\u2019un lien vers une page int\u00e9rieure du site,<br \/>\u2013 d\u2019un lien \u00e0 travers des fen\u00eatres (framing),<br \/>\u2013 d\u2019un lien vers un objet contenu dans le site (inlining),<br \/>et plus g\u00e9n\u00e9ralement de toute technique de cr\u00e9ation de lien hypertexte.<\/p>\r\n\r\n<p><style type=\"text\/css\">\r\n.sidebar.right.widget_area { display:none; }<br \/><\/style><\/p>\r\n<p>[\/vc_column_text][\/vc_column][\/vc_row]<\/p>","protected":false},"excerpt":{"rendered":"<p>[vc_row full_width=\u00a0\u00bbstretch_row_content\u00a0\u00bb][vc_column][vc_column_text] Mentions l\u00e9gales \u00a0 Pr\u00e9sentation du site Le site internet www.gite-monastier.com appartient \u00e0 : M. FALGON Emmanuel G\u00eete Monastier32, rue Langlade43150 LE MONASTIER SUR GAZEILLETEL : 06 04 40 28 98 gite.monastier@hotmail.fr Le Cr\u00e9ateur du site, responsable de la publication et le Webmaster : Myriam VIGOUROUX\u00a0\u00a0Facil -e- Site Le R\u00e9nier 43150 GOUDET \/ 07 69 77 31 81 L\u2019h\u00e9bergeur&hellip;<\/p>\n","protected":false},"author":1,"featured_media":0,"parent":0,"menu_order":0,"comment_status":"closed","ping_status":"closed","template":"elementor_header_footer","meta":{"_exactmetrics_skip_tracking":false,"_exactmetrics_sitenote_active":false,"_exactmetrics_sitenote_note":"","_exactmetrics_sitenote_category":0,"footnotes":""},"class_list":["post-1336","page","type-page","status-publish","hentry"],"yoast_head":"<!-- This site is optimized with the Yoast SEO plugin v27.1.1 - https:\/\/yoast.com\/product\/yoast-seo-wordpress\/ -->\n<title>Mentions l\u00e9gales - G\u00eete Monastier<\/title>\n<meta name=\"robots\" content=\"index, follow, max-snippet:-1, max-image-preview:large, max-video-preview:-1\" \/>\n<link rel=\"canonical\" href=\"https:\/\/gite-monastier.com\/index.php\/mentions-legales\/\" \/>\n<meta property=\"og:locale\" content=\"fr_FR\" \/>\n<meta property=\"og:type\" content=\"article\" \/>\n<meta property=\"og:title\" content=\"Mentions l\u00e9gales - G\u00eete Monastier\" \/>\n<meta property=\"og:description\" content=\"[vc_row full_width=\u00a0\u00bbstretch_row_content\u00a0\u00bb][vc_column][vc_column_text] Mentions l\u00e9gales \u00a0 Pr\u00e9sentation du site Le site internet www.gite-monastier.com appartient \u00e0 : M. FALGON Emmanuel G\u00eete Monastier32, rue Langlade43150 LE MONASTIER SUR GAZEILLETEL : 06 04 40 28 98 gite.monastier@hotmail.fr Le Cr\u00e9ateur du site, responsable de la publication et le Webmaster : Myriam VIGOUROUX\u00a0\u00a0Facil -e- Site Le R\u00e9nier 43150 GOUDET \/ 07 69 77 31 81 L\u2019h\u00e9bergeur&hellip;\" \/>\n<meta property=\"og:url\" content=\"https:\/\/gite-monastier.com\/index.php\/mentions-legales\/\" \/>\n<meta property=\"og:site_name\" content=\"G\u00eete Monastier\" \/>\n<meta property=\"article:modified_time\" content=\"2019-05-24T16:31:11+00:00\" \/>\n<meta name=\"twitter:card\" content=\"summary_large_image\" \/>\n<meta name=\"twitter:label1\" content=\"Dur\u00e9e de lecture estim\u00e9e\" \/>\n\t<meta name=\"twitter:data1\" content=\"3 minutes\" \/>\n<script type=\"application\/ld+json\" class=\"yoast-schema-graph\">{\"@context\":\"https:\/\/schema.org\",\"@graph\":[{\"@type\":\"WebPage\",\"@id\":\"https:\/\/gite-monastier.com\/index.php\/mentions-legales\/\",\"url\":\"https:\/\/gite-monastier.com\/index.php\/mentions-legales\/\",\"name\":\"Mentions l\u00e9gales - G\u00eete Monastier\",\"isPartOf\":{\"@id\":\"https:\/\/gite-monastier.com\/#website\"},\"datePublished\":\"2019-05-20T06:48:23+00:00\",\"dateModified\":\"2019-05-24T16:31:11+00:00\",\"breadcrumb\":{\"@id\":\"https:\/\/gite-monastier.com\/index.php\/mentions-legales\/#breadcrumb\"},\"inLanguage\":\"fr-FR\",\"potentialAction\":[{\"@type\":\"ReadAction\",\"target\":[\"https:\/\/gite-monastier.com\/index.php\/mentions-legales\/\"]}]},{\"@type\":\"BreadcrumbList\",\"@id\":\"https:\/\/gite-monastier.com\/index.php\/mentions-legales\/#breadcrumb\",\"itemListElement\":[{\"@type\":\"ListItem\",\"position\":1,\"name\":\"Accueil\",\"item\":\"https:\/\/gite-monastier.com\/\"},{\"@type\":\"ListItem\",\"position\":2,\"name\":\"Mentions l\u00e9gales\"}]},{\"@type\":\"WebSite\",\"@id\":\"https:\/\/gite-monastier.com\/#website\",\"url\":\"https:\/\/gite-monastier.com\/\",\"name\":\"G\u00eete Monastier\",\"description\":\"Accueil randonneurs STEVENSON\",\"publisher\":{\"@id\":\"https:\/\/gite-monastier.com\/#organization\"},\"potentialAction\":[{\"@type\":\"SearchAction\",\"target\":{\"@type\":\"EntryPoint\",\"urlTemplate\":\"https:\/\/gite-monastier.com\/?s={search_term_string}\"},\"query-input\":{\"@type\":\"PropertyValueSpecification\",\"valueRequired\":true,\"valueName\":\"search_term_string\"}}],\"inLanguage\":\"fr-FR\"},{\"@type\":\"Organization\",\"@id\":\"https:\/\/gite-monastier.com\/#organization\",\"name\":\"G\u00eete MONASTIER - Accueil randonneurs\",\"url\":\"https:\/\/gite-monastier.com\/\",\"logo\":{\"@type\":\"ImageObject\",\"inLanguage\":\"fr-FR\",\"@id\":\"https:\/\/gite-monastier.com\/#\/schema\/logo\/image\/\",\"url\":\"https:\/\/gite-monastier.com\/wp-content\/uploads\/2017\/01\/logo-vert-1.png\",\"contentUrl\":\"https:\/\/gite-monastier.com\/wp-content\/uploads\/2017\/01\/logo-vert-1.png\",\"width\":500,\"height\":505,\"caption\":\"G\u00eete MONASTIER - Accueil randonneurs\"},\"image\":{\"@id\":\"https:\/\/gite-monastier.com\/#\/schema\/logo\/image\/\"}}]}<\/script>\n<!-- \/ Yoast SEO plugin. -->","yoast_head_json":{"title":"Mentions l\u00e9gales - G\u00eete Monastier","robots":{"index":"index","follow":"follow","max-snippet":"max-snippet:-1","max-image-preview":"max-image-preview:large","max-video-preview":"max-video-preview:-1"},"canonical":"https:\/\/gite-monastier.com\/index.php\/mentions-legales\/","og_locale":"fr_FR","og_type":"article","og_title":"Mentions l\u00e9gales - G\u00eete Monastier","og_description":"[vc_row full_width=\u00a0\u00bbstretch_row_content\u00a0\u00bb][vc_column][vc_column_text] Mentions l\u00e9gales \u00a0 Pr\u00e9sentation du site Le site internet www.gite-monastier.com appartient \u00e0 : M. FALGON Emmanuel G\u00eete Monastier32, rue Langlade43150 LE MONASTIER SUR GAZEILLETEL : 06 04 40 28 98 gite.monastier@hotmail.fr Le Cr\u00e9ateur du site, responsable de la publication et le Webmaster : Myriam VIGOUROUX\u00a0\u00a0Facil -e- Site Le R\u00e9nier 43150 GOUDET \/ 07 69 77 31 81 L\u2019h\u00e9bergeur&hellip;","og_url":"https:\/\/gite-monastier.com\/index.php\/mentions-legales\/","og_site_name":"G\u00eete Monastier","article_modified_time":"2019-05-24T16:31:11+00:00","twitter_card":"summary_large_image","twitter_misc":{"Dur\u00e9e de lecture estim\u00e9e":"3 minutes"},"schema":{"@context":"https:\/\/schema.org","@graph":[{"@type":"WebPage","@id":"https:\/\/gite-monastier.com\/index.php\/mentions-legales\/","url":"https:\/\/gite-monastier.com\/index.php\/mentions-legales\/","name":"Mentions l\u00e9gales - G\u00eete Monastier","isPartOf":{"@id":"https:\/\/gite-monastier.com\/#website"},"datePublished":"2019-05-20T06:48:23+00:00","dateModified":"2019-05-24T16:31:11+00:00","breadcrumb":{"@id":"https:\/\/gite-monastier.com\/index.php\/mentions-legales\/#breadcrumb"},"inLanguage":"fr-FR","potentialAction":[{"@type":"ReadAction","target":["https:\/\/gite-monastier.com\/index.php\/mentions-legales\/"]}]},{"@type":"BreadcrumbList","@id":"https:\/\/gite-monastier.com\/index.php\/mentions-legales\/#breadcrumb","itemListElement":[{"@type":"ListItem","position":1,"name":"Accueil","item":"https:\/\/gite-monastier.com\/"},{"@type":"ListItem","position":2,"name":"Mentions l\u00e9gales"}]},{"@type":"WebSite","@id":"https:\/\/gite-monastier.com\/#website","url":"https:\/\/gite-monastier.com\/","name":"G\u00eete Monastier","description":"Accueil randonneurs STEVENSON","publisher":{"@id":"https:\/\/gite-monastier.com\/#organization"},"potentialAction":[{"@type":"SearchAction","target":{"@type":"EntryPoint","urlTemplate":"https:\/\/gite-monastier.com\/?s={search_term_string}"},"query-input":{"@type":"PropertyValueSpecification","valueRequired":true,"valueName":"search_term_string"}}],"inLanguage":"fr-FR"},{"@type":"Organization","@id":"https:\/\/gite-monastier.com\/#organization","name":"G\u00eete MONASTIER - Accueil randonneurs","url":"https:\/\/gite-monastier.com\/","logo":{"@type":"ImageObject","inLanguage":"fr-FR","@id":"https:\/\/gite-monastier.com\/#\/schema\/logo\/image\/","url":"https:\/\/gite-monastier.com\/wp-content\/uploads\/2017\/01\/logo-vert-1.png","contentUrl":"https:\/\/gite-monastier.com\/wp-content\/uploads\/2017\/01\/logo-vert-1.png","width":500,"height":505,"caption":"G\u00eete MONASTIER - Accueil randonneurs"},"image":{"@id":"https:\/\/gite-monastier.com\/#\/schema\/logo\/image\/"}}]}},"_links":{"self":[{"href":"https:\/\/gite-monastier.com\/index.php\/wp-json\/wp\/v2\/pages\/1336","targetHints":{"allow":["GET"]}}],"collection":[{"href":"https:\/\/gite-monastier.com\/index.php\/wp-json\/wp\/v2\/pages"}],"about":[{"href":"https:\/\/gite-monastier.com\/index.php\/wp-json\/wp\/v2\/types\/page"}],"author":[{"embeddable":true,"href":"https:\/\/gite-monastier.com\/index.php\/wp-json\/wp\/v2\/users\/1"}],"replies":[{"embeddable":true,"href":"https:\/\/gite-monastier.com\/index.php\/wp-json\/wp\/v2\/comments?post=1336"}],"version-history":[{"count":10,"href":"https:\/\/gite-monastier.com\/index.php\/wp-json\/wp\/v2\/pages\/1336\/revisions"}],"predecessor-version":[{"id":1519,"href":"https:\/\/gite-monastier.com\/index.php\/wp-json\/wp\/v2\/pages\/1336\/revisions\/1519"}],"wp:attachment":[{"href":"https:\/\/gite-monastier.com\/index.php\/wp-json\/wp\/v2\/media?parent=1336"}],"curies":[{"name":"wp","href":"https:\/\/api.w.org\/{rel}","templated":true}]}}