{"id":1417,"date":"2019-05-23T09:31:16","date_gmt":"2019-05-23T07:31:16","guid":{"rendered":"http:\/\/gite-monastier.com\/?page_id=1417"},"modified":"2019-05-24T16:50:30","modified_gmt":"2019-05-24T14:50:30","slug":"remerciement","status":"publish","type":"page","link":"https:\/\/gite-monastier.com\/index.php\/remerciement\/","title":{"rendered":"Remerciement"},"content":{"rendered":"<p>[vc_row full_width=\u00a0\u00bbstretch_row_content\u00a0\u00bb][vc_column][vc_column_text]<\/p>\n<h2 style=\"text-align: center;\">Merci pour votre r\u00e9servation<\/h2>\n<h5 style=\"text-align: center;\">Elle a bien \u00e9t\u00e9 prise en compte<\/h5>\n<h5 style=\"text-align: center;\">Vous recevrez prochainement un email de confirmation.<\/h5>\n<h6><\/h6>\n<p>[\/vc_column_text][vc_empty_space][\/vc_column][\/vc_row][vc_row full_width=\u00a0\u00bbstretch_row_content\u00a0\u00bb][vc_column][vc_btn title=\u00a0\u00bbNouvelle r\u00e9servation\u00a0\u00bb color=\u00a0\u00bbwarning\u00a0\u00bb size=\u00a0\u00bblg\u00a0\u00bb align=\u00a0\u00bbcenter\u00a0\u00bb link=\u00a0\u00bburl:http%3A%2F%2Fgite-monastier.com%2Findex.php%2Ftarifs-reservation%2F|||\u00a0\u00bb][\/vc_column][\/vc_row][vc_row][vc_column][vc_column_text]<\/p>\n<style type=\"text\/css\">\n.sidebar.right.widget_area{ display:none; }<br \/><\/style>\n<p>[\/vc_column_text][\/vc_column][\/vc_row]<\/p>\n","protected":false},"excerpt":{"rendered":"<p>[vc_row full_width=\u00a0\u00bbstretch_row_content\u00a0\u00bb][vc_column][vc_column_text] Merci pour votre r\u00e9servation Elle a bien \u00e9t\u00e9 prise en compte Vous recevrez prochainement un email de confirmation. [\/vc_column_text][vc_empty_space][\/vc_column][\/vc_row][vc_row full_width=\u00a0\u00bbstretch_row_content\u00a0\u00bb][vc_column][vc_btn title=\u00a0\u00bbNouvelle r\u00e9servation\u00a0\u00bb color=\u00a0\u00bbwarning\u00a0\u00bb size=\u00a0\u00bblg\u00a0\u00bb align=\u00a0\u00bbcenter\u00a0\u00bb link=\u00a0\u00bburl:http%3A%2F%2Fgite-monastier.com%2Findex.php%2Ftarifs-reservation%2F|||\u00a0\u00bb][\/vc_column][\/vc_row][vc_row][vc_column][vc_column_text] [\/vc_column_text][\/vc_column][\/vc_row]<\/p>\n","protected":false},"author":1,"featured_media":0,"parent":0,"menu_order":0,"comment_status":"closed","ping_status":"closed","template":"elementor_header_footer","meta":{"_exactmetrics_skip_tracking":false,"_exactmetrics_sitenote_active":false,"_exactmetrics_sitenote_note":"","_exactmetrics_sitenote_category":0,"footnotes":""},"class_list":["post-1417","page","type-page","status-publish","hentry"],"yoast_head":"<!-- This site is optimized with the Yoast SEO plugin v27.1.1 - https:\/\/yoast.com\/product\/yoast-seo-wordpress\/ -->\n<title>Remerciement - G\u00eete Monastier<\/title>\n<meta name=\"robots\" content=\"index, follow, max-snippet:-1, max-image-preview:large, max-video-preview:-1\" \/>\n<link rel=\"canonical\" href=\"https:\/\/gite-monastier.com\/index.php\/remerciement\/\" \/>\n<meta property=\"og:locale\" content=\"fr_FR\" \/>\n<meta property=\"og:type\" content=\"article\" \/>\n<meta property=\"og:title\" content=\"Remerciement - G\u00eete Monastier\" \/>\n<meta property=\"og:description\" content=\"[vc_row full_width=\u00a0\u00bbstretch_row_content\u00a0\u00bb][vc_column][vc_column_text] Merci pour votre r\u00e9servation Elle a bien \u00e9t\u00e9 prise en compte Vous recevrez prochainement un email de confirmation. [\/vc_column_text][vc_empty_space][\/vc_column][\/vc_row][vc_row full_width=\u00a0\u00bbstretch_row_content\u00a0\u00bb][vc_column][vc_btn title=\u00a0\u00bbNouvelle r\u00e9servation\u00a0\u00bb color=\u00a0\u00bbwarning\u00a0\u00bb size=\u00a0\u00bblg\u00a0\u00bb align=\u00a0\u00bbcenter\u00a0\u00bb link=\u00a0\u00bburl:http%3A%2F%2Fgite-monastier.com%2Findex.php%2Ftarifs-reservation%2F|||\u00a0\u00bb][\/vc_column][\/vc_row][vc_row][vc_column][vc_column_text] [\/vc_column_text][\/vc_column][\/vc_row]\" \/>\n<meta property=\"og:url\" content=\"https:\/\/gite-monastier.com\/index.php\/remerciement\/\" \/>\n<meta property=\"og:site_name\" content=\"G\u00eete Monastier\" \/>\n<meta property=\"article:modified_time\" content=\"2019-05-24T14:50:30+00:00\" \/>\n<meta name=\"twitter:card\" content=\"summary_large_image\" \/>\n<script type=\"application\/ld+json\" class=\"yoast-schema-graph\">{\"@context\":\"https:\/\/schema.org\",\"@graph\":[{\"@type\":\"WebPage\",\"@id\":\"https:\/\/gite-monastier.com\/index.php\/remerciement\/\",\"url\":\"https:\/\/gite-monastier.com\/index.php\/remerciement\/\",\"name\":\"Remerciement - G\u00eete Monastier\",\"isPartOf\":{\"@id\":\"https:\/\/gite-monastier.com\/#website\"},\"datePublished\":\"2019-05-23T07:31:16+00:00\",\"dateModified\":\"2019-05-24T14:50:30+00:00\",\"breadcrumb\":{\"@id\":\"https:\/\/gite-monastier.com\/index.php\/remerciement\/#breadcrumb\"},\"inLanguage\":\"fr-FR\",\"potentialAction\":[{\"@type\":\"ReadAction\",\"target\":[\"https:\/\/gite-monastier.com\/index.php\/remerciement\/\"]}]},{\"@type\":\"BreadcrumbList\",\"@id\":\"https:\/\/gite-monastier.com\/index.php\/remerciement\/#breadcrumb\",\"itemListElement\":[{\"@type\":\"ListItem\",\"position\":1,\"name\":\"Accueil\",\"item\":\"https:\/\/gite-monastier.com\/\"},{\"@type\":\"ListItem\",\"position\":2,\"name\":\"Remerciement\"}]},{\"@type\":\"WebSite\",\"@id\":\"https:\/\/gite-monastier.com\/#website\",\"url\":\"https:\/\/gite-monastier.com\/\",\"name\":\"G\u00eete Monastier\",\"description\":\"Accueil randonneurs STEVENSON\",\"publisher\":{\"@id\":\"https:\/\/gite-monastier.com\/#organization\"},\"potentialAction\":[{\"@type\":\"SearchAction\",\"target\":{\"@type\":\"EntryPoint\",\"urlTemplate\":\"https:\/\/gite-monastier.com\/?s={search_term_string}\"},\"query-input\":{\"@type\":\"PropertyValueSpecification\",\"valueRequired\":true,\"valueName\":\"search_term_string\"}}],\"inLanguage\":\"fr-FR\"},{\"@type\":\"Organization\",\"@id\":\"https:\/\/gite-monastier.com\/#organization\",\"name\":\"G\u00eete MONASTIER - Accueil randonneurs\",\"url\":\"https:\/\/gite-monastier.com\/\",\"logo\":{\"@type\":\"ImageObject\",\"inLanguage\":\"fr-FR\",\"@id\":\"https:\/\/gite-monastier.com\/#\/schema\/logo\/image\/\",\"url\":\"https:\/\/gite-monastier.com\/wp-content\/uploads\/2017\/01\/logo-vert-1.png\",\"contentUrl\":\"https:\/\/gite-monastier.com\/wp-content\/uploads\/2017\/01\/logo-vert-1.png\",\"width\":500,\"height\":505,\"caption\":\"G\u00eete MONASTIER - Accueil randonneurs\"},\"image\":{\"@id\":\"https:\/\/gite-monastier.com\/#\/schema\/logo\/image\/\"}}]}<\/script>\n<!-- \/ Yoast SEO plugin. -->","yoast_head_json":{"title":"Remerciement - G\u00eete Monastier","robots":{"index":"index","follow":"follow","max-snippet":"max-snippet:-1","max-image-preview":"max-image-preview:large","max-video-preview":"max-video-preview:-1"},"canonical":"https:\/\/gite-monastier.com\/index.php\/remerciement\/","og_locale":"fr_FR","og_type":"article","og_title":"Remerciement - G\u00eete Monastier","og_description":"[vc_row full_width=\u00a0\u00bbstretch_row_content\u00a0\u00bb][vc_column][vc_column_text] Merci pour votre r\u00e9servation Elle a bien \u00e9t\u00e9 prise en compte Vous recevrez prochainement un email de confirmation. [\/vc_column_text][vc_empty_space][\/vc_column][\/vc_row][vc_row full_width=\u00a0\u00bbstretch_row_content\u00a0\u00bb][vc_column][vc_btn title=\u00a0\u00bbNouvelle r\u00e9servation\u00a0\u00bb color=\u00a0\u00bbwarning\u00a0\u00bb size=\u00a0\u00bblg\u00a0\u00bb align=\u00a0\u00bbcenter\u00a0\u00bb link=\u00a0\u00bburl:http%3A%2F%2Fgite-monastier.com%2Findex.php%2Ftarifs-reservation%2F|||\u00a0\u00bb][\/vc_column][\/vc_row][vc_row][vc_column][vc_column_text] [\/vc_column_text][\/vc_column][\/vc_row]","og_url":"https:\/\/gite-monastier.com\/index.php\/remerciement\/","og_site_name":"G\u00eete Monastier","article_modified_time":"2019-05-24T14:50:30+00:00","twitter_card":"summary_large_image","schema":{"@context":"https:\/\/schema.org","@graph":[{"@type":"WebPage","@id":"https:\/\/gite-monastier.com\/index.php\/remerciement\/","url":"https:\/\/gite-monastier.com\/index.php\/remerciement\/","name":"Remerciement - G\u00eete Monastier","isPartOf":{"@id":"https:\/\/gite-monastier.com\/#website"},"datePublished":"2019-05-23T07:31:16+00:00","dateModified":"2019-05-24T14:50:30+00:00","breadcrumb":{"@id":"https:\/\/gite-monastier.com\/index.php\/remerciement\/#breadcrumb"},"inLanguage":"fr-FR","potentialAction":[{"@type":"ReadAction","target":["https:\/\/gite-monastier.com\/index.php\/remerciement\/"]}]},{"@type":"BreadcrumbList","@id":"https:\/\/gite-monastier.com\/index.php\/remerciement\/#breadcrumb","itemListElement":[{"@type":"ListItem","position":1,"name":"Accueil","item":"https:\/\/gite-monastier.com\/"},{"@type":"ListItem","position":2,"name":"Remerciement"}]},{"@type":"WebSite","@id":"https:\/\/gite-monastier.com\/#website","url":"https:\/\/gite-monastier.com\/","name":"G\u00eete Monastier","description":"Accueil randonneurs STEVENSON","publisher":{"@id":"https:\/\/gite-monastier.com\/#organization"},"potentialAction":[{"@type":"SearchAction","target":{"@type":"EntryPoint","urlTemplate":"https:\/\/gite-monastier.com\/?s={search_term_string}"},"query-input":{"@type":"PropertyValueSpecification","valueRequired":true,"valueName":"search_term_string"}}],"inLanguage":"fr-FR"},{"@type":"Organization","@id":"https:\/\/gite-monastier.com\/#organization","name":"G\u00eete MONASTIER - Accueil randonneurs","url":"https:\/\/gite-monastier.com\/","logo":{"@type":"ImageObject","inLanguage":"fr-FR","@id":"https:\/\/gite-monastier.com\/#\/schema\/logo\/image\/","url":"https:\/\/gite-monastier.com\/wp-content\/uploads\/2017\/01\/logo-vert-1.png","contentUrl":"https:\/\/gite-monastier.com\/wp-content\/uploads\/2017\/01\/logo-vert-1.png","width":500,"height":505,"caption":"G\u00eete MONASTIER - Accueil randonneurs"},"image":{"@id":"https:\/\/gite-monastier.com\/#\/schema\/logo\/image\/"}}]}},"_links":{"self":[{"href":"https:\/\/gite-monastier.com\/index.php\/wp-json\/wp\/v2\/pages\/1417","targetHints":{"allow":["GET"]}}],"collection":[{"href":"https:\/\/gite-monastier.com\/index.php\/wp-json\/wp\/v2\/pages"}],"about":[{"href":"https:\/\/gite-monastier.com\/index.php\/wp-json\/wp\/v2\/types\/page"}],"author":[{"embeddable":true,"href":"https:\/\/gite-monastier.com\/index.php\/wp-json\/wp\/v2\/users\/1"}],"replies":[{"embeddable":true,"href":"https:\/\/gite-monastier.com\/index.php\/wp-json\/wp\/v2\/comments?post=1417"}],"version-history":[{"count":17,"href":"https:\/\/gite-monastier.com\/index.php\/wp-json\/wp\/v2\/pages\/1417\/revisions"}],"predecessor-version":[{"id":1512,"href":"https:\/\/gite-monastier.com\/index.php\/wp-json\/wp\/v2\/pages\/1417\/revisions\/1512"}],"wp:attachment":[{"href":"https:\/\/gite-monastier.com\/index.php\/wp-json\/wp\/v2\/media?parent=1417"}],"curies":[{"name":"wp","href":"https:\/\/api.w.org\/{rel}","templated":true}]}}