{"id":197,"date":"2016-12-23T12:47:30","date_gmt":"2016-12-23T12:47:30","guid":{"rendered":"http:\/\/gite-monastier.com\/?page_id=197"},"modified":"2022-05-31T13:34:26","modified_gmt":"2022-05-31T11:34:26","slug":"contacts","status":"publish","type":"page","link":"https:\/\/gite-monastier.com\/index.php\/contacts\/","title":{"rendered":"Contact"},"content":{"rendered":"<p>[vc_row full_width=\u00a0\u00bbstretch_row_content_no_spaces\u00a0\u00bb][vc_column]<div id=\"sc_googlemap_1354881078_wrap\" class=\"sc_googlemap_wrap\"><div id=\"sc_googlemap_1354881078\"\n\t\t\tclass=\"sc_googlemap sc_googlemap_default\"\n\t\t\t style=\"width:100%;height:585px;\"\t\t\tdata-zoom=\"16\"\n\t\t\tdata-style=\"firm\"\n        ><iframe\n                    src=\"https:\/\/maps.google.com\/maps?t=m&output=embed&iwloc=near&z=16&q=G%C3%AEte+MONASTIER+-+Accueil+Randonneurs.+32%2C+Rue+Langlade+43150+LE+MONASTIER+SUR+GAZEILLE\"\n                    scrolling=\"no\"\n                    marginheight=\"0\"\n                    marginwidth=\"0\"\n                    frameborder=\"0\"\n                    aria-label=\"\"><\/iframe><\/div><\/div><!-- \/.sc_googlemap_wrap -->[\/vc_column][\/vc_row][vc_row][vc_column][vc_empty_space alter_height=\u00a0\u00bbhuge\u00a0\u00bb hide_on_mobile=\u00a0\u00bb\u00a0\u00bb][\/vc_column][\/vc_row][vc_row][vc_column]<div id=\"sc_title_1077555285\"\n\t\tclass=\"sc_title sc_title_default  vc_custom_1557133402256\"><h2 class=\"sc_item_title sc_title_title sc_align_center sc_item_title_style_default\">Contact<\/h2><\/div><!-- \/.sc_title -->[vc_row_inner el_class=\u00a0\u00bbcontact_custom\u00a0\u00bb][vc_column_inner width=\u00a0\u00bb1\/6&Prime;][vc_single_image image=\u00a0\u00bb1021&Prime; alignment=\u00a0\u00bbcenter\u00a0\u00bb][\/vc_column_inner][vc_column_inner width=\u00a0\u00bb1\/3&Prime;][vc_column_text]<\/p>\n<ul>\n<li class=\"sc_form_info_item sc_form_info_item_address\"><strong>Emmanuel FALGON<\/strong><br \/>\n<strong>Accueil randonneurs STEVENSON<\/strong><\/li>\n<li class=\"sc_form_info_item sc_form_info_item_address\"><strong>32, Rue Langlade\u00a0 <\/strong><\/li>\n<li><strong>43150 LE MONASTIER \/ GAZEILLE<\/strong><\/li>\n<li><\/li>\n<li class=\"sc_form_info_item sc_form_info_item_phone\"><strong>06.04.40.28.98<\/strong><\/li>\n<li><\/li>\n<li class=\"sc_form_info_item sc_form_info_item_email\"><strong>gite.monastier@hotmail.fr<\/strong><\/li>\n<\/ul>\n<p>[\/vc_column_text][\/vc_column_inner][vc_column_inner width=\u00a0\u00bb1\/3&Prime;]\n<div class=\"wpcf7 no-js\" id=\"wpcf7-f823-o1\" lang=\"en-US\" dir=\"ltr\" data-wpcf7-id=\"823\">\n<div class=\"screen-reader-response\"><p role=\"status\" aria-live=\"polite\" aria-atomic=\"true\"><\/p> <ul><\/ul><\/div>\n<form action=\"\/index.php\/wp-json\/wp\/v2\/pages\/197#wpcf7-f823-o1\" method=\"post\" class=\"wpcf7-form init\" aria-label=\"Contact form\" novalidate=\"novalidate\" data-status=\"init\">\n<fieldset class=\"hidden-fields-container\"><input type=\"hidden\" name=\"_wpcf7\" value=\"823\" \/><input type=\"hidden\" name=\"_wpcf7_version\" value=\"6.1.5\" \/><input type=\"hidden\" name=\"_wpcf7_locale\" value=\"en_US\" \/><input type=\"hidden\" name=\"_wpcf7_unit_tag\" value=\"wpcf7-f823-o1\" \/><input type=\"hidden\" name=\"_wpcf7_container_post\" value=\"0\" \/><input type=\"hidden\" name=\"_wpcf7_posted_data_hash\" value=\"\" \/>\n<\/fieldset>\n<p><span class=\"wpcf7-form-control-wrap\" data-name=\"your-name\"><input size=\"40\" maxlength=\"400\" class=\"wpcf7-form-control wpcf7-text wpcf7-validates-as-required\" aria-required=\"true\" aria-invalid=\"false\" placeholder=\"Votre nom*\" value=\"\" type=\"text\" name=\"your-name\" \/><\/span>\n<\/p>\n<p><span class=\"wpcf7-form-control-wrap\" data-name=\"your-email\"><input size=\"40\" maxlength=\"400\" class=\"wpcf7-form-control wpcf7-text wpcf7-validates-as-required\" aria-required=\"true\" aria-invalid=\"false\" placeholder=\"Votre Email*\" value=\"\" type=\"text\" name=\"your-email\" \/><\/span>\n<\/p>\n<p><span class=\"wpcf7-form-control-wrap\" data-name=\"tel-49\"><input size=\"40\" maxlength=\"400\" class=\"wpcf7-form-control wpcf7-tel wpcf7-validates-as-required wpcf7-text wpcf7-validates-as-tel\" aria-required=\"true\" aria-invalid=\"false\" placeholder=\"Votre Tel*\" value=\"\" type=\"tel\" name=\"tel-49\" \/><\/span>\n<\/p>\n<p><span class=\"wpcf7-form-control-wrap\" data-name=\"your-message\"><textarea cols=\"40\" rows=\"10\" maxlength=\"2000\" class=\"wpcf7-form-control wpcf7-textarea wpcf7-validates-as-required\" aria-required=\"true\" aria-invalid=\"false\" placeholder=\"Votre message*\" name=\"your-message\"><\/textarea><\/span>\n<\/p>\n<p><input class=\"wpcf7-form-control wpcf7-submit has-spinner\" type=\"submit\" value=\"ENVOYER\" \/>\n<\/p><div class=\"wpcf7-response-output\" aria-hidden=\"true\"><\/div>\n<\/form>\n<\/div>\n[\/vc_column_inner][vc_column_inner width=\u00a0\u00bb1\/6&Prime;][\/vc_column_inner][\/vc_row_inner][vc_empty_space alter_height=\u00a0\u00bblarge\u00a0\u00bb hide_on_mobile=\u00a0\u00bb\u00a0\u00bb][\/vc_column][\/vc_row][vc_row][vc_column]<div class=\"sc_layouts sc_layouts_default sc_layouts_439\">[vc_row full_width=\"stretch_row\" css=\".vc_custom_1557838407646{background-color: #8abb6a !important;}\"][vc_column width=\"1\/5\"][vc_empty_space alter_height=\"large\" hide_on_mobile=\"\" css=\".vc_custom_1484908547409{margin-bottom: 0.35rem !important;}\"][vc_column_text scheme=\"dark\"]\r\n<h5 class=\"trx_addons_no_margin\" style=\"text-align: center;\">Recommand\u00e9 par<\/h5>\r\n<p style=\"text-align: center;\"><strong>2011-2024<\/strong><\/p>\r\n[\/vc_column_text][\/vc_column][vc_column width=\"1\/5\"][vc_empty_space alter_height=\"large\" hide_on_mobile=\"\" css=\".vc_custom_1484908547409{margin-bottom: 0.35rem !important;}\"][vc_single_image image=\"1281\" img_size=\"medium\" alignment=\"center\" style=\"vc_box_shadow_3d\" css_animation=\"fadeIn\"][vc_empty_space alter_height=\"large\" hide_on_mobile=\"1\"][\/vc_column][vc_column width=\"1\/5\"][vc_empty_space alter_height=\"large\" hide_on_mobile=\"1\"][vc_column_text scheme=\"dark\"]\r\n<h5 class=\"trx_addons_no_margin\" style=\"text-align: center;\">Partenaire de<\/h5>\r\n<p style=\"text-align: center;\"><strong>2005-2024<\/strong><\/p>\r\n&nbsp;\r\n\r\n[\/vc_column_text][\/vc_column][vc_column width=\"1\/5\"][vc_empty_space alter_height=\"large\" hide_on_mobile=\"\"][vc_single_image image=\"1041\" img_size=\"medium\" alignment=\"center\" style=\"vc_box_shadow_3d\" css_animation=\"fadeIn\"][\/vc_column][vc_column width=\"1\/5\"][vc_empty_space alter_height=\"large\" hide_on_mobile=\"\"][vc_single_image image=\"1282\" alignment=\"center\" style=\"vc_box_shadow_3d\" css_animation=\"fadeIn\"][vc_empty_space alter_height=\"large\" hide_on_mobile=\"\"][\/vc_column][\/vc_row]<\/div>[\/vc_column][\/vc_row]<\/p>\n","protected":false},"excerpt":{"rendered":"<p>[vc_row full_width=\u00a0\u00bbstretch_row_content_no_spaces\u00a0\u00bb][vc_column][\/vc_column][\/vc_row][vc_row][vc_column][vc_empty_space alter_height=\u00a0\u00bbhuge\u00a0\u00bb hide_on_mobile=\u00a0\u00bb\u00a0\u00bb][\/vc_column][\/vc_row][vc_row][vc_column][vc_row_inner el_class=\u00a0\u00bbcontact_custom\u00a0\u00bb][vc_column_inner width=\u00a0\u00bb1\/6&Prime;][vc_single_image image=\u00a0\u00bb1021&Prime; alignment=\u00a0\u00bbcenter\u00a0\u00bb][\/vc_column_inner][vc_column_inner width=\u00a0\u00bb1\/3&Prime;][vc_column_text] Emmanuel FALGON Accueil randonneurs STEVENSON 32, Rue Langlade\u00a0 43150 LE MONASTIER \/ GAZEILLE 06.04.40.28.98 gite.monastier@hotmail.fr [\/vc_column_text][\/vc_column_inner][vc_column_inner width=\u00a0\u00bb1\/3&Prime;][\/vc_column_inner][vc_column_inner width=\u00a0\u00bb1\/6&Prime;][\/vc_column_inner][\/vc_row_inner][vc_empty_space alter_height=\u00a0\u00bblarge\u00a0\u00bb hide_on_mobile=\u00a0\u00bb\u00a0\u00bb][\/vc_column][\/vc_row][vc_row][vc_column][\/vc_column][\/vc_row]<\/p>\n","protected":false},"author":1,"featured_media":0,"parent":0,"menu_order":0,"comment_status":"closed","ping_status":"closed","template":"","meta":{"_exactmetrics_skip_tracking":false,"_exactmetrics_sitenote_active":false,"_exactmetrics_sitenote_note":"","_exactmetrics_sitenote_category":0,"footnotes":""},"class_list":["post-197","page","type-page","status-publish","hentry"],"yoast_head":"<!-- This site is optimized with the Yoast SEO plugin v27.1.1 - https:\/\/yoast.com\/product\/yoast-seo-wordpress\/ -->\n<title>Contact - G\u00eete Monastier<\/title>\n<meta name=\"description\" content=\"Accueil randonneurs. G\u00eete d&#039;\u00e9tape au Monastier 43150. Chemin de Stevenson GR70. Chemin de Saint Fran\u00e7ois R\u00e9gis GR430. Guide du Routard. Coordonn\u00e9es\" \/>\n<meta name=\"robots\" content=\"index, follow, max-snippet:-1, max-image-preview:large, max-video-preview:-1\" \/>\n<link rel=\"canonical\" href=\"https:\/\/gite-monastier.com\/index.php\/contacts\/\" \/>\n<meta property=\"og:locale\" content=\"fr_FR\" \/>\n<meta property=\"og:type\" content=\"article\" \/>\n<meta property=\"og:title\" content=\"Contact - G\u00eete Monastier\" \/>\n<meta property=\"og:description\" content=\"Accueil randonneurs. G\u00eete d&#039;\u00e9tape au Monastier 43150. Chemin de Stevenson GR70. Chemin de Saint Fran\u00e7ois R\u00e9gis GR430. Guide du Routard. Coordonn\u00e9es\" \/>\n<meta property=\"og:url\" content=\"https:\/\/gite-monastier.com\/index.php\/contacts\/\" \/>\n<meta property=\"og:site_name\" content=\"G\u00eete Monastier\" \/>\n<meta property=\"article:modified_time\" content=\"2022-05-31T11:34:26+00:00\" \/>\n<meta name=\"twitter:card\" content=\"summary_large_image\" \/>\n<meta name=\"twitter:label1\" content=\"Dur\u00e9e de lecture estim\u00e9e\" \/>\n\t<meta name=\"twitter:data1\" content=\"1 minute\" \/>\n<script type=\"application\/ld+json\" class=\"yoast-schema-graph\">{\"@context\":\"https:\/\/schema.org\",\"@graph\":[{\"@type\":\"WebPage\",\"@id\":\"https:\/\/gite-monastier.com\/index.php\/contacts\/\",\"url\":\"https:\/\/gite-monastier.com\/index.php\/contacts\/\",\"name\":\"Contact - G\u00eete Monastier\",\"isPartOf\":{\"@id\":\"https:\/\/gite-monastier.com\/#website\"},\"datePublished\":\"2016-12-23T12:47:30+00:00\",\"dateModified\":\"2022-05-31T11:34:26+00:00\",\"description\":\"Accueil randonneurs. G\u00eete d'\u00e9tape au Monastier 43150. Chemin de Stevenson GR70. Chemin de Saint Fran\u00e7ois R\u00e9gis GR430. Guide du Routard. Coordonn\u00e9es\",\"breadcrumb\":{\"@id\":\"https:\/\/gite-monastier.com\/index.php\/contacts\/#breadcrumb\"},\"inLanguage\":\"fr-FR\",\"potentialAction\":[{\"@type\":\"ReadAction\",\"target\":[\"https:\/\/gite-monastier.com\/index.php\/contacts\/\"]}]},{\"@type\":\"BreadcrumbList\",\"@id\":\"https:\/\/gite-monastier.com\/index.php\/contacts\/#breadcrumb\",\"itemListElement\":[{\"@type\":\"ListItem\",\"position\":1,\"name\":\"Accueil\",\"item\":\"https:\/\/gite-monastier.com\/\"},{\"@type\":\"ListItem\",\"position\":2,\"name\":\"Contact\"}]},{\"@type\":\"WebSite\",\"@id\":\"https:\/\/gite-monastier.com\/#website\",\"url\":\"https:\/\/gite-monastier.com\/\",\"name\":\"G\u00eete Monastier\",\"description\":\"Accueil randonneurs STEVENSON\",\"publisher\":{\"@id\":\"https:\/\/gite-monastier.com\/#organization\"},\"potentialAction\":[{\"@type\":\"SearchAction\",\"target\":{\"@type\":\"EntryPoint\",\"urlTemplate\":\"https:\/\/gite-monastier.com\/?s={search_term_string}\"},\"query-input\":{\"@type\":\"PropertyValueSpecification\",\"valueRequired\":true,\"valueName\":\"search_term_string\"}}],\"inLanguage\":\"fr-FR\"},{\"@type\":\"Organization\",\"@id\":\"https:\/\/gite-monastier.com\/#organization\",\"name\":\"G\u00eete MONASTIER - Accueil randonneurs\",\"url\":\"https:\/\/gite-monastier.com\/\",\"logo\":{\"@type\":\"ImageObject\",\"inLanguage\":\"fr-FR\",\"@id\":\"https:\/\/gite-monastier.com\/#\/schema\/logo\/image\/\",\"url\":\"https:\/\/gite-monastier.com\/wp-content\/uploads\/2017\/01\/logo-vert-1.png\",\"contentUrl\":\"https:\/\/gite-monastier.com\/wp-content\/uploads\/2017\/01\/logo-vert-1.png\",\"width\":500,\"height\":505,\"caption\":\"G\u00eete MONASTIER - Accueil randonneurs\"},\"image\":{\"@id\":\"https:\/\/gite-monastier.com\/#\/schema\/logo\/image\/\"}}]}<\/script>\n<!-- \/ Yoast SEO plugin. -->","yoast_head_json":{"title":"Contact - G\u00eete Monastier","description":"Accueil randonneurs. G\u00eete d'\u00e9tape au Monastier 43150. Chemin de Stevenson GR70. Chemin de Saint Fran\u00e7ois R\u00e9gis GR430. Guide du Routard. Coordonn\u00e9es","robots":{"index":"index","follow":"follow","max-snippet":"max-snippet:-1","max-image-preview":"max-image-preview:large","max-video-preview":"max-video-preview:-1"},"canonical":"https:\/\/gite-monastier.com\/index.php\/contacts\/","og_locale":"fr_FR","og_type":"article","og_title":"Contact - G\u00eete Monastier","og_description":"Accueil randonneurs. G\u00eete d'\u00e9tape au Monastier 43150. Chemin de Stevenson GR70. Chemin de Saint Fran\u00e7ois R\u00e9gis GR430. Guide du Routard. Coordonn\u00e9es","og_url":"https:\/\/gite-monastier.com\/index.php\/contacts\/","og_site_name":"G\u00eete Monastier","article_modified_time":"2022-05-31T11:34:26+00:00","twitter_card":"summary_large_image","twitter_misc":{"Dur\u00e9e de lecture estim\u00e9e":"1 minute"},"schema":{"@context":"https:\/\/schema.org","@graph":[{"@type":"WebPage","@id":"https:\/\/gite-monastier.com\/index.php\/contacts\/","url":"https:\/\/gite-monastier.com\/index.php\/contacts\/","name":"Contact - G\u00eete Monastier","isPartOf":{"@id":"https:\/\/gite-monastier.com\/#website"},"datePublished":"2016-12-23T12:47:30+00:00","dateModified":"2022-05-31T11:34:26+00:00","description":"Accueil randonneurs. G\u00eete d'\u00e9tape au Monastier 43150. Chemin de Stevenson GR70. Chemin de Saint Fran\u00e7ois R\u00e9gis GR430. Guide du Routard. Coordonn\u00e9es","breadcrumb":{"@id":"https:\/\/gite-monastier.com\/index.php\/contacts\/#breadcrumb"},"inLanguage":"fr-FR","potentialAction":[{"@type":"ReadAction","target":["https:\/\/gite-monastier.com\/index.php\/contacts\/"]}]},{"@type":"BreadcrumbList","@id":"https:\/\/gite-monastier.com\/index.php\/contacts\/#breadcrumb","itemListElement":[{"@type":"ListItem","position":1,"name":"Accueil","item":"https:\/\/gite-monastier.com\/"},{"@type":"ListItem","position":2,"name":"Contact"}]},{"@type":"WebSite","@id":"https:\/\/gite-monastier.com\/#website","url":"https:\/\/gite-monastier.com\/","name":"G\u00eete Monastier","description":"Accueil randonneurs STEVENSON","publisher":{"@id":"https:\/\/gite-monastier.com\/#organization"},"potentialAction":[{"@type":"SearchAction","target":{"@type":"EntryPoint","urlTemplate":"https:\/\/gite-monastier.com\/?s={search_term_string}"},"query-input":{"@type":"PropertyValueSpecification","valueRequired":true,"valueName":"search_term_string"}}],"inLanguage":"fr-FR"},{"@type":"Organization","@id":"https:\/\/gite-monastier.com\/#organization","name":"G\u00eete MONASTIER - Accueil randonneurs","url":"https:\/\/gite-monastier.com\/","logo":{"@type":"ImageObject","inLanguage":"fr-FR","@id":"https:\/\/gite-monastier.com\/#\/schema\/logo\/image\/","url":"https:\/\/gite-monastier.com\/wp-content\/uploads\/2017\/01\/logo-vert-1.png","contentUrl":"https:\/\/gite-monastier.com\/wp-content\/uploads\/2017\/01\/logo-vert-1.png","width":500,"height":505,"caption":"G\u00eete MONASTIER - Accueil randonneurs"},"image":{"@id":"https:\/\/gite-monastier.com\/#\/schema\/logo\/image\/"}}]}},"_links":{"self":[{"href":"https:\/\/gite-monastier.com\/index.php\/wp-json\/wp\/v2\/pages\/197","targetHints":{"allow":["GET"]}}],"collection":[{"href":"https:\/\/gite-monastier.com\/index.php\/wp-json\/wp\/v2\/pages"}],"about":[{"href":"https:\/\/gite-monastier.com\/index.php\/wp-json\/wp\/v2\/types\/page"}],"author":[{"embeddable":true,"href":"https:\/\/gite-monastier.com\/index.php\/wp-json\/wp\/v2\/users\/1"}],"replies":[{"embeddable":true,"href":"https:\/\/gite-monastier.com\/index.php\/wp-json\/wp\/v2\/comments?post=197"}],"version-history":[{"count":27,"href":"https:\/\/gite-monastier.com\/index.php\/wp-json\/wp\/v2\/pages\/197\/revisions"}],"predecessor-version":[{"id":2150,"href":"https:\/\/gite-monastier.com\/index.php\/wp-json\/wp\/v2\/pages\/197\/revisions\/2150"}],"wp:attachment":[{"href":"https:\/\/gite-monastier.com\/index.php\/wp-json\/wp\/v2\/media?parent=197"}],"curies":[{"name":"wp","href":"https:\/\/api.w.org\/{rel}","templated":true}]}}